{"id":72,"date":"2022-08-30T21:39:27","date_gmt":"2022-08-30T21:39:27","guid":{"rendered":"https:\/\/www.senhoradagraca.pt\/pt\/?page_id=72"},"modified":"2022-08-30T21:40:23","modified_gmt":"2022-08-30T21:40:23","slug":"monte_farinha","status":"publish","type":"page","link":"https:\/\/www.senhoradagraca.pt\/pt\/monte_farinha\/","title":{"rendered":"Monte Farinha"},"content":{"rendered":"<header>\n<h2>Monte Farinha<\/h2>\n<\/header>\n<p>H\u00e1 muitos anos atr\u00e1s, andava um pobre moleiro pelas terras de Basto, com uma velha carro\u00e7a de madeira puxada por um velho jerico. O moleiro levava consigo um moinho, um \u201cpio de piar\u201d ou sanfona, que utilizava para transformar o milho em farinha. As pessoas das povoa\u00e7\u00f5es quando o ouviam acorriam imediatamente ao largo da aldeia com os seus sacos de cereais. E assim passava ele o dia, percorrendo uma e outra povoa\u00e7\u00e3o.<\/p>\n<p>Certo dia, encontrou no caminho uma senhora que fazia o seu trajecto a p\u00e9, debaixo de um sol escaldante. Compadecido com a graciosa senhora, o moleiro parou e ofereceu-se para a levar na sua carro\u00e7a. Quando se aproximavam da cit\u00e2nia do Me\u00e3o Grande (ou dos Palha\u00e7os), avistaram um grupo de mouros que a eles se dirigiam. O homem chicoteou o jerico para que ele andasse mais r\u00e1pido e para que se escapassem dos mouros, mas o animal, assustado, meteu a pata entre duas grandes pedras, n\u00e3o conseguindo libertar-se. O moleiro saltou da carro\u00e7a para auxiliar o jumento. Mas entretanto chegaram os mouros que o mataram.<\/p>\n<p>A senhora, com medo, saltou da carro\u00e7a para uma alta pedra que se encontrava ao lado, e disse: \u201cAbre-te pedra! Faz-me esta gra\u00e7a!\u201d. A pedra abriu-se, a senhora entrou, e voltou a fechar-se rapidamente. Ao verem isto, os mouros deixaram os gr\u00e3os de cereais e a farinha e fugiram \u201ca sete p\u00e9s\u201d.<\/p>\n<p>O moinho, descontrolado, n\u00e3o parava de moer. Moeu&#8230; Moeu&#8230; Moeu&#8230; formando um monte muito alto de farinha. As pessoas das povoa\u00e7\u00f5es vizinhas acorreram ao local, dizendo espantadas: \u201cQue montes de farinha!\u201d. Desde essa altura, este s\u00edtio ficou conhecido como Monte Farinha.<\/p>\n<p>Quanto \u00e0 senhora\u2026, continua encerrada na Pedra Alta. O povo atribuiu este acontecimento a Nossa Senhora, construindo, no alto do Monte, uma Capelinha em sua honra para lhe agradecer a ajuda prestada \u00e0 senhora da Pedra Alta, e deu-lhe por isso, o nome de Senhora da Gra\u00e7a.<\/p>\n<p>Ainda hoje o Monte da Senhora da Gra\u00e7a \u00e9 tamb\u00e9m conhecido por Alto do Monte Farinha.<\/p>\n<p>A Capelinha da lenda \u00e9 o actual Santu\u00e1rio de Nossa Senhora da Gra\u00e7a. A Pedra Alta que ainda existe, descobre-se facilmente por estar no ermo pintada de branco, e se n\u00e3o \u00e9 menir, pelo menos est\u00e1 seguramente relacionada com o antigo \u201cculto das pedras\u201d, isto segundo a douta opini\u00e3o de D. Domingos Pinho Brand\u00e3o.<\/p>\n","protected":false},"excerpt":{"rendered":"<p>Monte Farinha H\u00e1 muitos anos atr\u00e1s, andava um pobre moleiro pelas terras de Basto, com uma velha carro\u00e7a de madeira puxada por um velho jerico. O moleiro levava consigo um moinho, um \u201cpio de piar\u201d ou sanfona, que utilizava para transformar o milho em farinha. As pessoas das povoa\u00e7\u00f5es quando o ouviam acorriam imediatamente ao &hellip; <\/p>\n<p class=\"link-more\"><a href=\"https:\/\/www.senhoradagraca.pt\/pt\/monte_farinha\/\" class=\"more-link\">Read more<span class=\"screen-reader-text\"> &#8220;Monte Farinha&#8221;<\/span><\/a><\/p>\n","protected":false},"author":1,"featured_media":73,"parent":0,"menu_order":0,"comment_status":"closed","ping_status":"closed","template":"","meta":{"_crdt_document":"","inspiro_hide_title":false,"footnotes":""},"class_list":["post-72","page","type-page","status-publish","has-post-thumbnail","hentry"],"featured_media_urls":{"thumbnail":["https:\/\/www.senhoradagraca.pt\/pt\/wp-content\/uploads\/2022\/08\/22-150x150.jpg",150,150,true],"medium":["https:\/\/www.senhoradagraca.pt\/pt\/wp-content\/uploads\/2022\/08\/22-300x169.jpg",300,169,true],"medium_large":["https:\/\/www.senhoradagraca.pt\/pt\/wp-content\/uploads\/2022\/08\/22-768x431.jpg",768,431,true],"large":["https:\/\/www.senhoradagraca.pt\/pt\/wp-content\/uploads\/2022\/08\/22-1024x575.jpg",950,533,true],"1536x1536":["https:\/\/www.senhoradagraca.pt\/pt\/wp-content\/uploads\/2022\/08\/22.jpg",1100,618,false],"2048x2048":["https:\/\/www.senhoradagraca.pt\/pt\/wp-content\/uploads\/2022\/08\/22.jpg",1100,618,false],"inspiro-featured-image":["https:\/\/www.senhoradagraca.pt\/pt\/wp-content\/uploads\/2022\/08\/22.jpg",1100,618,false],"inspiro-loop":["https:\/\/www.senhoradagraca.pt\/pt\/wp-content\/uploads\/2022\/08\/22-950x320.jpg",950,320,true],"inspiro-loop@2x":["https:\/\/www.senhoradagraca.pt\/pt\/wp-content\/uploads\/2022\/08\/22.jpg",1100,618,false],"portfolio_item-thumbnail":["https:\/\/www.senhoradagraca.pt\/pt\/wp-content\/uploads\/2022\/08\/22-600x400.jpg",600,400,true],"portfolio_item-thumbnail@2x":["https:\/\/www.senhoradagraca.pt\/pt\/wp-content\/uploads\/2022\/08\/22.jpg",1100,618,false],"portfolio_item-masonry":["https:\/\/www.senhoradagraca.pt\/pt\/wp-content\/uploads\/2022\/08\/22-600x337.jpg",600,337,true],"portfolio_item-masonry@2x":["https:\/\/www.senhoradagraca.pt\/pt\/wp-content\/uploads\/2022\/08\/22.jpg",1100,618,false],"portfolio_item-thumbnail_cinema":["https:\/\/www.senhoradagraca.pt\/pt\/wp-content\/uploads\/2022\/08\/22-800x335.jpg",800,335,true],"portfolio_item-thumbnail_portrait":["https:\/\/www.senhoradagraca.pt\/pt\/wp-content\/uploads\/2022\/08\/22-600x618.jpg",600,618,true],"portfolio_item-thumbnail_portrait@2x":["https:\/\/www.senhoradagraca.pt\/pt\/wp-content\/uploads\/2022\/08\/22.jpg",1100,618,false],"portfolio_item-thumbnail_square":["https:\/\/www.senhoradagraca.pt\/pt\/wp-content\/uploads\/2022\/08\/22-800x618.jpg",800,618,true]},"_links":{"self":[{"href":"https:\/\/www.senhoradagraca.pt\/pt\/wp-json\/wp\/v2\/pages\/72","targetHints":{"allow":["GET"]}}],"collection":[{"href":"https:\/\/www.senhoradagraca.pt\/pt\/wp-json\/wp\/v2\/pages"}],"about":[{"href":"https:\/\/www.senhoradagraca.pt\/pt\/wp-json\/wp\/v2\/types\/page"}],"author":[{"embeddable":true,"href":"https:\/\/www.senhoradagraca.pt\/pt\/wp-json\/wp\/v2\/users\/1"}],"replies":[{"embeddable":true,"href":"https:\/\/www.senhoradagraca.pt\/pt\/wp-json\/wp\/v2\/comments?post=72"}],"version-history":[{"count":3,"href":"https:\/\/www.senhoradagraca.pt\/pt\/wp-json\/wp\/v2\/pages\/72\/revisions"}],"predecessor-version":[{"id":76,"href":"https:\/\/www.senhoradagraca.pt\/pt\/wp-json\/wp\/v2\/pages\/72\/revisions\/76"}],"wp:featuredmedia":[{"embeddable":true,"href":"https:\/\/www.senhoradagraca.pt\/pt\/wp-json\/wp\/v2\/media\/73"}],"wp:attachment":[{"href":"https:\/\/www.senhoradagraca.pt\/pt\/wp-json\/wp\/v2\/media?parent=72"}],"curies":[{"name":"wp","href":"https:\/\/api.w.org\/{rel}","templated":true}]}}