{"id":15,"date":"2022-08-27T18:40:42","date_gmt":"2022-08-27T18:40:42","guid":{"rendered":"https:\/\/www.senhoradagraca.pt\/pt\/?page_id=15"},"modified":"2022-09-24T10:21:29","modified_gmt":"2022-09-24T10:21:29","slug":"beautiful-portfolios-for-exceptional-creatives","status":"publish","type":"page","link":"https:\/\/www.senhoradagraca.pt\/pt\/","title":{"rendered":"Santu\u00e1rio Nossa Senhora da Gra\u00e7a"},"content":{"rendered":"\t\t<div data-elementor-type=\"wp-page\" data-elementor-id=\"15\" class=\"elementor elementor-15\">\n\t\t\t\t\t\t<section class=\"elementor-section elementor-top-section elementor-element elementor-element-78c59759 elementor-section-height-min-height elementor-section-items-stretch elementor-section-content-middle elementor-section-full_width elementor-section-height-default\" data-id=\"78c59759\" data-element_type=\"section\" data-e-type=\"section\" data-settings=\"{&quot;background_background&quot;:&quot;classic&quot;}\">\n\t\t\t\t\t\t<div class=\"elementor-container elementor-column-gap-no\">\n\t\t\t\t\t<div class=\"elementor-column elementor-col-50 elementor-top-column elementor-element elementor-element-621cc175\" data-id=\"621cc175\" data-element_type=\"column\" data-e-type=\"column\">\n\t\t\t<div class=\"elementor-widget-wrap elementor-element-populated\">\n\t\t\t\t\t\t<div class=\"elementor-element elementor-element-521b7a04 elementor-widget elementor-widget-heading\" data-id=\"521b7a04\" data-element_type=\"widget\" data-e-type=\"widget\" data-widget_type=\"heading.default\">\n\t\t\t\t<div class=\"elementor-widget-container\">\n\t\t\t\t\t<h1 class=\"elementor-heading-title elementor-size-default\">Santu\u00e1rio<\/h1>\t\t\t\t<\/div>\n\t\t\t\t<\/div>\n\t\t\t\t<div class=\"elementor-element elementor-element-49cfa8be elementor-widget elementor-widget-text-editor\" data-id=\"49cfa8be\" data-element_type=\"widget\" data-e-type=\"widget\" data-widget_type=\"text-editor.default\">\n\t\t\t\t<div class=\"elementor-widget-container\">\n\t\t\t\t\t\t\t\t\t<p>A ermida do Monte Farinha ou santu\u00e1rio de Nossa Senhora da Gra\u00e7a, eclesiasticamente, pertence \u00e0 Diocese de Vila Real, \u2026<\/p>\t\t\t\t\t\t\t\t<\/div>\n\t\t\t\t<\/div>\n\t\t\t\t<div class=\"elementor-element elementor-element-5dc8e789 elementor-mobile-align-center elementor-align-left elementor-widget elementor-widget-button\" data-id=\"5dc8e789\" data-element_type=\"widget\" data-e-type=\"widget\" data-widget_type=\"button.default\">\n\t\t\t\t<div class=\"elementor-widget-container\">\n\t\t\t\t\t\t\t\t\t<div class=\"elementor-button-wrapper\">\n\t\t\t\t\t<a class=\"elementor-button elementor-button-link elementor-size-sm\" href=\"https:\/\/www.senhoradagraca.pt\/pt\/santuario\/\" rel=\"nofollow\">\n\t\t\t\t\t\t<span class=\"elementor-button-content-wrapper\">\n\t\t\t\t\t\t\t\t\t<span class=\"elementor-button-text\">Ler mais<\/span>\n\t\t\t\t\t<\/span>\n\t\t\t\t\t<\/a>\n\t\t\t\t<\/div>\n\t\t\t\t\t\t\t\t<\/div>\n\t\t\t\t<\/div>\n\t\t\t\t\t<\/div>\n\t\t<\/div>\n\t\t\t\t<div class=\"elementor-column elementor-col-50 elementor-top-column elementor-element elementor-element-e945f5c\" data-id=\"e945f5c\" data-element_type=\"column\" data-e-type=\"column\">\n\t\t\t<div class=\"elementor-widget-wrap elementor-element-populated\">\n\t\t\t\t\t\t<div class=\"elementor-element elementor-element-5478d3be elementor-widget elementor-widget-image\" data-id=\"5478d3be\" data-element_type=\"widget\" data-e-type=\"widget\" data-widget_type=\"image.default\">\n\t\t\t\t<div class=\"elementor-widget-container\">\n\t\t\t\t\t\t\t\t\t\t\t\t\t\t\t<img fetchpriority=\"high\" decoding=\"async\" width=\"950\" height=\"570\" src=\"https:\/\/www.senhoradagraca.pt\/pt\/wp-content\/uploads\/2022\/08\/cropped-banner-scaled-1-1024x614.jpg\" class=\"attachment-large size-large wp-image-41\" alt=\"Santu\u00e1rio Senhora da Gra\u00e7a\" srcset=\"https:\/\/www.senhoradagraca.pt\/pt\/wp-content\/uploads\/2022\/08\/cropped-banner-scaled-1-1024x614.jpg 1024w, https:\/\/www.senhoradagraca.pt\/pt\/wp-content\/uploads\/2022\/08\/cropped-banner-scaled-1-300x180.jpg 300w, https:\/\/www.senhoradagraca.pt\/pt\/wp-content\/uploads\/2022\/08\/cropped-banner-scaled-1-768x460.jpg 768w, https:\/\/www.senhoradagraca.pt\/pt\/wp-content\/uploads\/2022\/08\/cropped-banner-scaled-1-1536x921.jpg 1536w, https:\/\/www.senhoradagraca.pt\/pt\/wp-content\/uploads\/2022\/08\/cropped-banner-scaled-1.jpg 2000w\" sizes=\"100vw\" \/>\t\t\t\t\t\t\t\t\t\t\t\t\t\t\t<\/div>\n\t\t\t\t<\/div>\n\t\t\t\t\t<\/div>\n\t\t<\/div>\n\t\t\t\t\t<\/div>\n\t\t<\/section>\n\t\t\t\t<section class=\"elementor-section elementor-top-section elementor-element elementor-element-1ae01f69 elementor-section-full_width elementor-section-content-middle elementor-reverse-tablet elementor-reverse-mobile elementor-section-height-default elementor-section-height-default\" data-id=\"1ae01f69\" data-element_type=\"section\" data-e-type=\"section\">\n\t\t\t\t\t\t<div class=\"elementor-container elementor-column-gap-no\">\n\t\t\t\t\t<div class=\"elementor-column elementor-col-50 elementor-top-column elementor-element elementor-element-3b3468ee\" data-id=\"3b3468ee\" data-element_type=\"column\" data-e-type=\"column\">\n\t\t\t<div class=\"elementor-widget-wrap elementor-element-populated\">\n\t\t\t\t\t\t<div class=\"elementor-element elementor-element-685f0934 elementor-widget elementor-widget-image\" data-id=\"685f0934\" data-element_type=\"widget\" data-e-type=\"widget\" data-widget_type=\"image.default\">\n\t\t\t\t<div class=\"elementor-widget-container\">\n\t\t\t\t\t\t\t\t\t\t\t\t\t\t\t<img decoding=\"async\" width=\"950\" height=\"533\" src=\"https:\/\/www.senhoradagraca.pt\/pt\/wp-content\/uploads\/2022\/08\/22-1024x575.jpg\" class=\"attachment-large size-large wp-image-73\" alt=\"Monte Farinha\" srcset=\"https:\/\/www.senhoradagraca.pt\/pt\/wp-content\/uploads\/2022\/08\/22-1024x575.jpg 1024w, https:\/\/www.senhoradagraca.pt\/pt\/wp-content\/uploads\/2022\/08\/22-300x169.jpg 300w, https:\/\/www.senhoradagraca.pt\/pt\/wp-content\/uploads\/2022\/08\/22-768x431.jpg 768w, https:\/\/www.senhoradagraca.pt\/pt\/wp-content\/uploads\/2022\/08\/22-600x337.jpg 600w, https:\/\/www.senhoradagraca.pt\/pt\/wp-content\/uploads\/2022\/08\/22.jpg 1100w\" sizes=\"100vw\" \/>\t\t\t\t\t\t\t\t\t\t\t\t\t\t\t<\/div>\n\t\t\t\t<\/div>\n\t\t\t\t\t<\/div>\n\t\t<\/div>\n\t\t\t\t<div class=\"elementor-column elementor-col-50 elementor-top-column elementor-element elementor-element-1887ba81\" data-id=\"1887ba81\" data-element_type=\"column\" data-e-type=\"column\">\n\t\t\t<div class=\"elementor-widget-wrap elementor-element-populated\">\n\t\t\t\t\t\t<div class=\"elementor-element elementor-element-411c52d4 elementor-widget elementor-widget-heading\" data-id=\"411c52d4\" data-element_type=\"widget\" data-e-type=\"widget\" data-widget_type=\"heading.default\">\n\t\t\t\t<div class=\"elementor-widget-container\">\n\t\t\t\t\t<h3 class=\"elementor-heading-title elementor-size-default\"><a href=\"https:\/\/www.senhoradagraca.pt\/pt\/monte_farinha\/\">Monte Farinha<\/a><\/h3>\t\t\t\t<\/div>\n\t\t\t\t<\/div>\n\t\t\t\t<div class=\"elementor-element elementor-element-5fe1945b elementor-widget elementor-widget-text-editor\" data-id=\"5fe1945b\" data-element_type=\"widget\" data-e-type=\"widget\" data-widget_type=\"text-editor.default\">\n\t\t\t\t<div class=\"elementor-widget-container\">\n\t\t\t\t\t\t\t\t\t<p>H\u00e1 muitos anos atr\u00e1s, andava um pobre moleiro pelas terras de Basto, &#8230;<\/p>\t\t\t\t\t\t\t\t<\/div>\n\t\t\t\t<\/div>\n\t\t\t\t<div class=\"elementor-element elementor-element-614f44c8 elementor-mobile-align-center elementor-widget elementor-widget-button\" data-id=\"614f44c8\" data-element_type=\"widget\" data-e-type=\"widget\" data-widget_type=\"button.default\">\n\t\t\t\t<div class=\"elementor-widget-container\">\n\t\t\t\t\t\t\t\t\t<div class=\"elementor-button-wrapper\">\n\t\t\t\t\t<a class=\"elementor-button elementor-button-link elementor-size-sm\" href=\"https:\/\/www.senhoradagraca.pt\/pt\/monte_farinha\/\">\n\t\t\t\t\t\t<span class=\"elementor-button-content-wrapper\">\n\t\t\t\t\t\t\t\t\t<span class=\"elementor-button-text\">Ler Mais<\/span>\n\t\t\t\t\t<\/span>\n\t\t\t\t\t<\/a>\n\t\t\t\t<\/div>\n\t\t\t\t\t\t\t\t<\/div>\n\t\t\t\t<\/div>\n\t\t\t\t\t<\/div>\n\t\t<\/div>\n\t\t\t\t\t<\/div>\n\t\t<\/section>\n\t\t\t\t<section class=\"elementor-section elementor-top-section elementor-element elementor-element-b9f1c90 elementor-section-height-min-height elementor-section-items-stretch elementor-section-content-middle elementor-section-full_width elementor-section-height-default\" data-id=\"b9f1c90\" data-element_type=\"section\" data-e-type=\"section\" data-settings=\"{&quot;background_background&quot;:&quot;classic&quot;}\">\n\t\t\t\t\t\t<div class=\"elementor-container elementor-column-gap-no\">\n\t\t\t\t\t<div class=\"elementor-column elementor-col-50 elementor-top-column elementor-element elementor-element-c93458c\" data-id=\"c93458c\" data-element_type=\"column\" data-e-type=\"column\">\n\t\t\t<div class=\"elementor-widget-wrap elementor-element-populated\">\n\t\t\t\t\t\t<div class=\"elementor-element elementor-element-e37ced2 elementor-widget elementor-widget-heading\" data-id=\"e37ced2\" data-element_type=\"widget\" data-e-type=\"widget\" data-widget_type=\"heading.default\">\n\t\t\t\t<div class=\"elementor-widget-container\">\n\t\t\t\t\t<h1 class=\"elementor-heading-title elementor-size-default\">Capelas<\/h1>\t\t\t\t<\/div>\n\t\t\t\t<\/div>\n\t\t\t\t<div class=\"elementor-element elementor-element-81e7fb5 elementor-widget elementor-widget-text-editor\" data-id=\"81e7fb5\" data-element_type=\"widget\" data-e-type=\"widget\" data-widget_type=\"text-editor.default\">\n\t\t\t\t<div class=\"elementor-widget-container\">\n\t\t\t\t\t\t\t\t\t<p>A ermida do Monte Farinha ou santu\u00e1rio de Nossa Senhora da Gra\u00e7a, eclesiasticamente, pertence \u00e0 Diocese de Vila Real, \u2026<\/p>\t\t\t\t\t\t\t\t<\/div>\n\t\t\t\t<\/div>\n\t\t\t\t<div class=\"elementor-element elementor-element-6d4c801 elementor-mobile-align-center elementor-align-left elementor-widget elementor-widget-button\" data-id=\"6d4c801\" data-element_type=\"widget\" data-e-type=\"widget\" data-widget_type=\"button.default\">\n\t\t\t\t<div class=\"elementor-widget-container\">\n\t\t\t\t\t\t\t\t\t<div class=\"elementor-button-wrapper\">\n\t\t\t\t\t<a class=\"elementor-button elementor-button-link elementor-size-sm\" href=\"https:\/\/www.senhoradagraca.pt\/pt\/santuario\/\" rel=\"nofollow\">\n\t\t\t\t\t\t<span class=\"elementor-button-content-wrapper\">\n\t\t\t\t\t\t\t\t\t<span class=\"elementor-button-text\">Ler mais<\/span>\n\t\t\t\t\t<\/span>\n\t\t\t\t\t<\/a>\n\t\t\t\t<\/div>\n\t\t\t\t\t\t\t\t<\/div>\n\t\t\t\t<\/div>\n\t\t\t\t\t<\/div>\n\t\t<\/div>\n\t\t\t\t<div class=\"elementor-column elementor-col-50 elementor-top-column elementor-element elementor-element-fefa202\" data-id=\"fefa202\" data-element_type=\"column\" data-e-type=\"column\">\n\t\t\t<div class=\"elementor-widget-wrap elementor-element-populated\">\n\t\t\t\t\t\t<div class=\"elementor-element elementor-element-4744d79 elementor-widget elementor-widget-image-gallery\" data-id=\"4744d79\" data-element_type=\"widget\" data-e-type=\"widget\" data-widget_type=\"image-gallery.default\">\n\t\t\t\t<div class=\"elementor-widget-container\">\n\t\t\t\t\t\t\t<div class=\"elementor-image-gallery\">\n\t\t\t<div id='gallery-1' class='gallery galleryid-15 gallery-columns-3 gallery-size-medium'><figure class='gallery-item'>\n\t\t\t<div class='gallery-icon portrait'>\n\t\t\t\t<a data-elementor-open-lightbox=\"yes\" data-elementor-lightbox-slideshow=\"4744d79\" data-elementor-lightbox-title=\"Primeira Capela\" data-elementor-lightbox-description=\"Primeira Capela\" data-e-action-hash=\"#elementor-action%3Aaction%3Dlightbox%26settings%3DeyJpZCI6OTksInVybCI6Imh0dHBzOlwvXC93d3cuc2VuaG9yYWRhZ3JhY2EucHRcL3B0XC93cC1jb250ZW50XC91cGxvYWRzXC8yMDIyXC8wOVwvcGljMDMuanBnIiwic2xpZGVzaG93IjoiNDc0NGQ3OSJ9\" href='https:\/\/www.senhoradagraca.pt\/pt\/wp-content\/uploads\/2022\/09\/pic03.jpg'><img decoding=\"async\" width=\"205\" height=\"300\" src=\"https:\/\/www.senhoradagraca.pt\/pt\/wp-content\/uploads\/2022\/09\/pic03-205x300.jpg\" class=\"attachment-medium size-medium\" alt=\"Primeira Capela\" aria-describedby=\"gallery-1-99\" srcset=\"https:\/\/www.senhoradagraca.pt\/pt\/wp-content\/uploads\/2022\/09\/pic03-205x300.jpg 205w, https:\/\/www.senhoradagraca.pt\/pt\/wp-content\/uploads\/2022\/09\/pic03.jpg 256w\" sizes=\"100vw\" \/><\/a>\n\t\t\t<\/div>\n\t\t\t\t<figcaption class='wp-caption-text gallery-caption' id='gallery-1-99'>\n\t\t\t\tPrimeira Capela\n\t\t\t\t<\/figcaption><\/figure><figure class='gallery-item'>\n\t\t\t<div class='gallery-icon landscape'>\n\t\t\t\t<a data-elementor-open-lightbox=\"yes\" data-elementor-lightbox-slideshow=\"4744d79\" data-elementor-lightbox-title=\"Segunda Capela\" data-elementor-lightbox-description=\"Segunda Capela\" data-e-action-hash=\"#elementor-action%3Aaction%3Dlightbox%26settings%3DeyJpZCI6OTgsInVybCI6Imh0dHBzOlwvXC93d3cuc2VuaG9yYWRhZ3JhY2EucHRcL3B0XC93cC1jb250ZW50XC91cGxvYWRzXC8yMDIyXC8wOVwvcGljMDIuanBnIiwic2xpZGVzaG93IjoiNDc0NGQ3OSJ9\" href='https:\/\/www.senhoradagraca.pt\/pt\/wp-content\/uploads\/2022\/09\/pic02.jpg'><img loading=\"lazy\" decoding=\"async\" width=\"256\" height=\"166\" src=\"https:\/\/www.senhoradagraca.pt\/pt\/wp-content\/uploads\/2022\/09\/pic02.jpg\" class=\"attachment-medium size-medium\" alt=\"Segunda Capela\" aria-describedby=\"gallery-1-98\" sizes=\"100vw\" \/><\/a>\n\t\t\t<\/div>\n\t\t\t\t<figcaption class='wp-caption-text gallery-caption' id='gallery-1-98'>\n\t\t\t\tSegunda Capela\n\t\t\t\t<\/figcaption><\/figure><figure class='gallery-item'>\n\t\t\t<div class='gallery-icon portrait'>\n\t\t\t\t<a data-elementor-open-lightbox=\"yes\" data-elementor-lightbox-slideshow=\"4744d79\" data-elementor-lightbox-title=\"Terceira Capela\" data-elementor-lightbox-description=\"Terceira Capela\" data-e-action-hash=\"#elementor-action%3Aaction%3Dlightbox%26settings%3DeyJpZCI6OTcsInVybCI6Imh0dHBzOlwvXC93d3cuc2VuaG9yYWRhZ3JhY2EucHRcL3B0XC93cC1jb250ZW50XC91cGxvYWRzXC8yMDIyXC8wOVwvcGljMDEuanBnIiwic2xpZGVzaG93IjoiNDc0NGQ3OSJ9\" href='https:\/\/www.senhoradagraca.pt\/pt\/wp-content\/uploads\/2022\/09\/pic01.jpg'><img loading=\"lazy\" decoding=\"async\" width=\"203\" height=\"300\" src=\"https:\/\/www.senhoradagraca.pt\/pt\/wp-content\/uploads\/2022\/09\/pic01-203x300.jpg\" class=\"attachment-medium size-medium\" alt=\"Terceira Capela\" aria-describedby=\"gallery-1-97\" srcset=\"https:\/\/www.senhoradagraca.pt\/pt\/wp-content\/uploads\/2022\/09\/pic01-203x300.jpg 203w, https:\/\/www.senhoradagraca.pt\/pt\/wp-content\/uploads\/2022\/09\/pic01.jpg 256w\" sizes=\"100vw\" \/><\/a>\n\t\t\t<\/div>\n\t\t\t\t<figcaption class='wp-caption-text gallery-caption' id='gallery-1-97'>\n\t\t\t\tTerceira Capela\n\t\t\t\t<\/figcaption><\/figure>\n\t\t<\/div>\n\t\t<\/div>\n\t\t\t\t\t\t<\/div>\n\t\t\t\t<\/div>\n\t\t\t\t\t<\/div>\n\t\t<\/div>\n\t\t\t\t\t<\/div>\n\t\t<\/section>\n\t\t\t\t<\/div>\n\t\t","protected":false},"excerpt":{"rendered":"<p>Santu\u00e1rio A ermida do Monte Farinha ou santu\u00e1rio de Nossa Senhora da Gra\u00e7a, eclesiasticamente, pertence \u00e0 Diocese de Vila Real, \u2026 Ler mais Monte Farinha H\u00e1 muitos anos atr\u00e1s, andava um pobre moleiro pelas terras de Basto, &#8230; Ler Mais Capelas A ermida do Monte Farinha ou santu\u00e1rio de Nossa Senhora da Gra\u00e7a, eclesiasticamente, pertence &hellip; <\/p>\n<p class=\"link-more\"><a href=\"https:\/\/www.senhoradagraca.pt\/pt\/\" class=\"more-link\">Read more<span class=\"screen-reader-text\"> &#8220;Santu\u00e1rio Nossa Senhora da Gra\u00e7a&#8221;<\/span><\/a><\/p>\n","protected":false},"author":1,"featured_media":43,"parent":0,"menu_order":0,"comment_status":"closed","ping_status":"closed","template":"page-templates\/full-width-builder-bb.php","meta":{"_crdt_document":"","inspiro_hide_title":false,"footnotes":""},"class_list":["post-15","page","type-page","status-publish","has-post-thumbnail","hentry"],"featured_media_urls":{"thumbnail":["https:\/\/www.senhoradagraca.pt\/pt\/wp-content\/uploads\/2022\/08\/cropped-banner0-scaled-1-150x150.jpg",150,150,true],"medium":["https:\/\/www.senhoradagraca.pt\/pt\/wp-content\/uploads\/2022\/08\/cropped-banner0-scaled-1-300x180.jpg",300,180,true],"medium_large":["https:\/\/www.senhoradagraca.pt\/pt\/wp-content\/uploads\/2022\/08\/cropped-banner0-scaled-1-768x460.jpg",768,460,true],"large":["https:\/\/www.senhoradagraca.pt\/pt\/wp-content\/uploads\/2022\/08\/cropped-banner0-scaled-1-1024x614.jpg",950,570,true],"1536x1536":["https:\/\/www.senhoradagraca.pt\/pt\/wp-content\/uploads\/2022\/08\/cropped-banner0-scaled-1-1536x921.jpg",1536,921,true],"2048x2048":["https:\/\/www.senhoradagraca.pt\/pt\/wp-content\/uploads\/2022\/08\/cropped-banner0-scaled-1.jpg",2000,1199,false],"inspiro-featured-image":["https:\/\/www.senhoradagraca.pt\/pt\/wp-content\/uploads\/2022\/08\/cropped-banner0-scaled-1.jpg",2000,1199,false],"inspiro-loop":["https:\/\/www.senhoradagraca.pt\/pt\/wp-content\/uploads\/2022\/08\/cropped-banner0-scaled-1-950x320.jpg",950,320,true],"inspiro-loop@2x":["https:\/\/www.senhoradagraca.pt\/pt\/wp-content\/uploads\/2022\/08\/cropped-banner0-scaled-1-1900x640.jpg",1900,640,true],"portfolio_item-thumbnail":["https:\/\/www.senhoradagraca.pt\/pt\/wp-content\/uploads\/2022\/08\/cropped-banner0-scaled-1-600x400.jpg",600,400,true],"portfolio_item-thumbnail@2x":["https:\/\/www.senhoradagraca.pt\/pt\/wp-content\/uploads\/2022\/08\/cropped-banner0-scaled-1-1200x800.jpg",1200,800,true],"portfolio_item-masonry":["https:\/\/www.senhoradagraca.pt\/pt\/wp-content\/uploads\/2022\/08\/cropped-banner0-scaled-1-600x360.jpg",600,360,true],"portfolio_item-masonry@2x":["https:\/\/www.senhoradagraca.pt\/pt\/wp-content\/uploads\/2022\/08\/cropped-banner0-scaled-1-1200x719.jpg",1200,719,true],"portfolio_item-thumbnail_cinema":["https:\/\/www.senhoradagraca.pt\/pt\/wp-content\/uploads\/2022\/08\/cropped-banner0-scaled-1-800x335.jpg",800,335,true],"portfolio_item-thumbnail_portrait":["https:\/\/www.senhoradagraca.pt\/pt\/wp-content\/uploads\/2022\/08\/cropped-banner0-scaled-1-600x900.jpg",600,900,true],"portfolio_item-thumbnail_portrait@2x":["https:\/\/www.senhoradagraca.pt\/pt\/wp-content\/uploads\/2022\/08\/cropped-banner0-scaled-1-1200x1199.jpg",1200,1199,true],"portfolio_item-thumbnail_square":["https:\/\/www.senhoradagraca.pt\/pt\/wp-content\/uploads\/2022\/08\/cropped-banner0-scaled-1-800x800.jpg",800,800,true]},"_links":{"self":[{"href":"https:\/\/www.senhoradagraca.pt\/pt\/wp-json\/wp\/v2\/pages\/15","targetHints":{"allow":["GET"]}}],"collection":[{"href":"https:\/\/www.senhoradagraca.pt\/pt\/wp-json\/wp\/v2\/pages"}],"about":[{"href":"https:\/\/www.senhoradagraca.pt\/pt\/wp-json\/wp\/v2\/types\/page"}],"author":[{"embeddable":true,"href":"https:\/\/www.senhoradagraca.pt\/pt\/wp-json\/wp\/v2\/users\/1"}],"replies":[{"embeddable":true,"href":"https:\/\/www.senhoradagraca.pt\/pt\/wp-json\/wp\/v2\/comments?post=15"}],"version-history":[{"count":18,"href":"https:\/\/www.senhoradagraca.pt\/pt\/wp-json\/wp\/v2\/pages\/15\/revisions"}],"predecessor-version":[{"id":124,"href":"https:\/\/www.senhoradagraca.pt\/pt\/wp-json\/wp\/v2\/pages\/15\/revisions\/124"}],"wp:featuredmedia":[{"embeddable":true,"href":"https:\/\/www.senhoradagraca.pt\/pt\/wp-json\/wp\/v2\/media\/43"}],"wp:attachment":[{"href":"https:\/\/www.senhoradagraca.pt\/pt\/wp-json\/wp\/v2\/media?parent=15"}],"curies":[{"name":"wp","href":"https:\/\/api.w.org\/{rel}","templated":true}]}}